



{"id":23,"date":"2013-12-02T09:53:34","date_gmt":"2013-12-02T09:53:34","guid":{"rendered":"https:\/\/kesksedhanked.rik.ee\/rik\/?page_id=23"},"modified":"2023-01-24T09:43:48","modified_gmt":"2023-01-24T07:43:48","slug":"avaleht","status":"publish","type":"page","link":"https:\/\/kesksedhanked.rik.ee\/rik\/","title":{"rendered":"Avaleht"},"content":{"rendered":"<h1>Tere tulemast RIK \u00fchishangete portaali!<\/h1>\n<p><span style=\"color: #ff0000;\"><strong>\u00a0<\/strong><\/span><\/p>\n<div dir=\"ltr\">\n<p>Siit leiavad hankijad detailsemat informatsiooni Registrite ja Infos\u00fcsteemide Keskuse poolt korraldatavate\u00a0 \u00fchishangete kohta.<\/p>\n<p>RIK oli esimene ja kuni 2022. aastani ainuke IKT vahendite keskne hankija Eestis korraldades keskseid ja \u00fchishankeid alates 2011. aastast.<\/p>\n<p>Vastavalt Vabariigi Valitsuse 14.04.2022 korraldusele nr 119 \u201eKohustusliku keskse hankija m\u00e4\u00e4ramine infotehnoloogia valdkonna riigihangetes\u201c on valitsusasutuste ja nende hallatavate riigiasutuste infotehnoloogia valdkonna riigihangetes uueks kohustuslikuks keskseks hankijaks Riigi Info- ja Kommunikatsioonitehnoloogia Keskus (RIT). Antud korralduse p 6 kohaselt on l\u00e4biviidud kesksete hankemenetluste tulemusel s\u00f5lmitud ja kehtivad raam- ja hankelepingud \u00fcle antud RITile 1.06.2022 ja leitavad RITi kesksete hangete veebilehelt <a href=\"https:\/\/kesksedhanked.rik.ee\/rit\/\">\u00dchised IKT Riigihanked<\/a><\/p>\n<\/div>\n","protected":false},"excerpt":{"rendered":"<p>Tere tulemast RIK \u00fchishangete portaali! \u00a0 Siit leiavad hankijad detailsemat informatsiooni Registrite ja Infos\u00fcsteemide Keskuse poolt korraldatavate\u00a0 \u00fchishangete kohta. RIK oli esimene ja kuni 2022. aastani ainuke IKT vahendite keskne hankija Eestis korraldades keskseid ja \u00fchishankeid alates 2011. aastast. Vastavalt Vabariigi Valitsuse 14.04.2022 korraldusele nr 119 \u201eKohustusliku keskse hankija m\u00e4\u00e4ramine infotehnoloogia valdkonna riigihangetes\u201c on valitsusasutuste [&hellip;]<\/p>\n","protected":false},"author":1034,"featured_media":0,"parent":0,"menu_order":0,"comment_status":"open","ping_status":"open","template":"","meta":{"_acf_changed":false,"_bbp_topic_count":0,"_bbp_reply_count":0,"_bbp_total_topic_count":0,"_bbp_total_reply_count":0,"_bbp_voice_count":0,"_bbp_anonymous_reply_count":0,"_bbp_topic_count_hidden":0,"_bbp_reply_count_hidden":0,"_bbp_forum_subforum_count":0,"footnotes":""},"class_list":["post-23","page","type-page","status-publish","hentry"],"acf":[],"_links":{"self":[{"href":"https:\/\/kesksedhanked.rik.ee\/rik\/wp-json\/wp\/v2\/pages\/23","targetHints":{"allow":["GET"]}}],"collection":[{"href":"https:\/\/kesksedhanked.rik.ee\/rik\/wp-json\/wp\/v2\/pages"}],"about":[{"href":"https:\/\/kesksedhanked.rik.ee\/rik\/wp-json\/wp\/v2\/types\/page"}],"author":[{"embeddable":true,"href":"https:\/\/kesksedhanked.rik.ee\/rik\/wp-json\/wp\/v2\/users\/1034"}],"replies":[{"embeddable":true,"href":"https:\/\/kesksedhanked.rik.ee\/rik\/wp-json\/wp\/v2\/comments?post=23"}],"version-history":[{"count":32,"href":"https:\/\/kesksedhanked.rik.ee\/rik\/wp-json\/wp\/v2\/pages\/23\/revisions"}],"predecessor-version":[{"id":4515,"href":"https:\/\/kesksedhanked.rik.ee\/rik\/wp-json\/wp\/v2\/pages\/23\/revisions\/4515"}],"wp:attachment":[{"href":"https:\/\/kesksedhanked.rik.ee\/rik\/wp-json\/wp\/v2\/media?parent=23"}],"curies":[{"name":"wp","href":"https:\/\/api.w.org\/{rel}","templated":true}]}}