



{"id":23,"date":"2013-12-02T09:53:34","date_gmt":"2013-12-02T09:53:34","guid":{"rendered":"https:\/\/kesksedhanked.rik.ee\/rik\/?page_id=23"},"modified":"2024-04-25T08:42:21","modified_gmt":"2024-04-25T06:42:21","slug":"avaleht","status":"publish","type":"page","link":"https:\/\/kesksedhanked.rik.ee\/rit\/","title":{"rendered":"Avaleht"},"content":{"rendered":"<h1>Tere tulemast Riigi Info- ja Kommunikatsioonitehnoloogia Keskuse hangete portaali!<\/h1>\n<div dir=\"ltr\">\n<p>Siit lehelt on hankijatel v\u00f5imalik leida detailsemat informatsiooni RIT-i poolt korraldatavate kesksete ja \u00fchishangete kohta.<\/p>\n<p>RIT on alates 2022. aastast kohustuslik keskne hankija ministeeriumide, nende valitsemisala asutuste ning Riigikantselei t\u00f6\u00f6koha laua-, s\u00fcle-, tahvelarvutite, monitoride, printerite ja plotterite soetamisel. Vastavate riigihangetega saavad soovi korral liituda vabatahtlikult ka teised hankijad, kuid keskne hankimine on kohustuslik k\u00f5ikidele <a class=\"external_icon\" href=\"https:\/\/www.riigiteataja.ee\/akt\/319042022004\" target=\"_blank\" rel=\"noopener\">Vabariigi Valitsuse korraldusse<\/a> m\u00e4rgitud hankijatele, st ligikaudu 160-le erinevale riigiasutusele. Lisaks on RIT ka <a class=\"external_icon\" href=\"https:\/\/www.riigiteataja.ee\/akt\/314102017007?leiaKehtiv\" target=\"_blank\" rel=\"noopener\">vabatahtlik keskne hankija<\/a>.<\/p>\n<p>Kesksete hangete portaali saavad kasutada ainult registreeritud kasutajad (RHS \u00a7 5 m\u00f5istes hankija).<\/p>\n<p>Kasutajakonto saamiseks saatke palun aadressile <a class=\"external_icon\" href=\"mailto:hanked@rit.ee\">hanked@rit.ee<\/a> kiri koos allj\u00e4rgnevate andmetega: Hankija kontaktisiku ees- ja perekonnanimi, isikukood ja ametialane e-posti aadress.<\/p>\n<\/div>\n","protected":false},"excerpt":{"rendered":"<p>Tere tulemast Riigi Info- ja Kommunikatsioonitehnoloogia Keskuse hangete portaali! Siit lehelt on hankijatel v\u00f5imalik leida detailsemat informatsiooni RIT-i poolt korraldatavate kesksete ja \u00fchishangete kohta. RIT on alates 2022. aastast kohustuslik keskne hankija ministeeriumide, nende valitsemisala asutuste ning Riigikantselei t\u00f6\u00f6koha laua-, s\u00fcle-, tahvelarvutite, monitoride, printerite ja plotterite soetamisel. Vastavate riigihangetega saavad soovi korral liituda vabatahtlikult ka [&hellip;]<\/p>\n","protected":false},"author":3,"featured_media":0,"parent":0,"menu_order":0,"comment_status":"open","ping_status":"open","template":"","meta":{"_acf_changed":false,"_bbp_topic_count":0,"_bbp_reply_count":0,"_bbp_total_topic_count":0,"_bbp_total_reply_count":0,"_bbp_voice_count":0,"_bbp_anonymous_reply_count":0,"_bbp_topic_count_hidden":0,"_bbp_reply_count_hidden":0,"_bbp_forum_subforum_count":0,"footnotes":""},"class_list":["post-23","page","type-page","status-publish","hentry"],"acf":[],"_links":{"self":[{"href":"https:\/\/kesksedhanked.rik.ee\/rit\/wp-json\/wp\/v2\/pages\/23","targetHints":{"allow":["GET"]}}],"collection":[{"href":"https:\/\/kesksedhanked.rik.ee\/rit\/wp-json\/wp\/v2\/pages"}],"about":[{"href":"https:\/\/kesksedhanked.rik.ee\/rit\/wp-json\/wp\/v2\/types\/page"}],"author":[{"embeddable":true,"href":"https:\/\/kesksedhanked.rik.ee\/rit\/wp-json\/wp\/v2\/users\/3"}],"replies":[{"embeddable":true,"href":"https:\/\/kesksedhanked.rik.ee\/rit\/wp-json\/wp\/v2\/comments?post=23"}],"version-history":[{"count":35,"href":"https:\/\/kesksedhanked.rik.ee\/rit\/wp-json\/wp\/v2\/pages\/23\/revisions"}],"predecessor-version":[{"id":5791,"href":"https:\/\/kesksedhanked.rik.ee\/rit\/wp-json\/wp\/v2\/pages\/23\/revisions\/5791"}],"wp:attachment":[{"href":"https:\/\/kesksedhanked.rik.ee\/rit\/wp-json\/wp\/v2\/media?parent=23"}],"curies":[{"name":"wp","href":"https:\/\/api.w.org\/{rel}","templated":true}]}}